{"id":4296,"date":"2023-03-02T10:28:46","date_gmt":"2023-03-02T10:28:46","guid":{"rendered":"https:\/\/keltskoselo.rs\/?page_id=4296"},"modified":"2023-03-03T08:21:58","modified_gmt":"2023-03-03T08:21:58","slug":"kelti-u-opstini-indjija","status":"publish","type":"page","link":"https:\/\/keltskoselo.rs\/en\/kelti-u-opstini-indjija\/","title":{"rendered":"The Celts in In\u0111ija"},"content":{"rendered":"<div  class=\"tatsu-Hk8XCmy1h tatsu-section  tatsu-bg-overlay   tatsu-clearfix\" data-title=\"\"  data-headerscheme=\"background--dark\"><div class='tatsu-section-pad clearfix' data-padding='{\"d\":\"0px 0px 0px 0px\"}' data-padding-top='0px'><div class=\"tatsu-row-wrap  tatsu-wrap tatsu-row-one-col tatsu-row-has-one-cols tatsu-medium-gutter tatsu-reg-cols  tatsu-clearfix tatsu-ryxL7071k3\" ><div  class=\"tatsu-row\" ><div  class=\"tatsu-column  tatsu-bg-overlay tatsu-one-col tatsu-column-image-none tatsu-column-effect-none  tatsu-HyZUQCX1Jn\"  data-parallax-speed=\"0\" style=\"\"><div class=\"tatsu-column-inner\" ><div class=\"tatsu-column-pad-wrap\"><div class=\"tatsu-column-pad\" ><div  class=\"component component-fullwidth loaded fxPressAway  tatsu-BJfU7Cmykh\"  data-height=\"360\" data-mobile-height=\"360\" data-current=\"0\" style=\"height: 360px;\"><ul class=\"itemwrap\"><li><div class=\"be-slide-bg-holder\">\n\t\t\t\t\t\t\t\t<div class=\"be-slide-bg be-bg-cover be-bg-parallax\" data-image=\"http:\/\/keltskoselo.rs\/wp-content\/uploads\/2023\/03\/Keltsko-selo-naslovna-1.png\"><i class=\"font-icon loader-style4-wrap loader-icon\"><\/i><\/div>\n\t\t\t\t\t\t\t\t<div class=\"be-wrap\">\n\t\t\t\t\t\t\t\t\t<div class=\"be-slider-content-wrap\">\n\t\t\t\t\t\t\t\t\t\t<div class=\"be-slider-content clearfix\">\n\t\t\t\t\t\t\t\t\t\t\t<div class=\"be-slider-content-inner-wrap\" style=\"width: 80%;\"><\/div>\n\t\t\t\t\t\t\t\t\t\t<\/div>\n\t\t\t\t\t\t\t\t\t<\/div>\n\t\t\t\t\t\t\t\t<\/div>\n\t\t\t\t\t\t\t<\/div><\/li><li><div class=\"be-slide-bg-holder\">\n\t\t\t\t\t\t\t\t<div class=\"be-slide-bg be-bg-cover be-bg-parallax\" data-image=\"http:\/\/keltskoselo.rs\/wp-content\/uploads\/2021\/06\/slider-keltsk-selo-1-1.jpg\"><i class=\"font-icon loader-style4-wrap loader-icon\"><\/i><\/div>\n\t\t\t\t\t\t\t\t<div class=\"be-wrap\">\n\t\t\t\t\t\t\t\t\t<div class=\"be-slider-content-wrap\">\n\t\t\t\t\t\t\t\t\t\t<div class=\"be-slider-content clearfix\">\n\t\t\t\t\t\t\t\t\t\t\t<div class=\"be-slider-content-inner-wrap\" style=\"width: 80%;\"><\/div>\n\t\t\t\t\t\t\t\t\t\t<\/div>\n\t\t\t\t\t\t\t\t\t<\/div>\n\t\t\t\t\t\t\t\t<\/div>\n\t\t\t\t\t\t\t<\/div><\/li><li><div class=\"be-slide-bg-holder\">\n\t\t\t\t\t\t\t\t<div class=\"be-slide-bg be-bg-cover be-bg-parallax\" data-image=\"http:\/\/keltskoselo.rs\/wp-content\/uploads\/2021\/06\/slider-keltsk-selo-2.jpg\"><i class=\"font-icon loader-style4-wrap loader-icon\"><\/i><\/div>\n\t\t\t\t\t\t\t\t<div class=\"be-wrap\">\n\t\t\t\t\t\t\t\t\t<div class=\"be-slider-content-wrap\">\n\t\t\t\t\t\t\t\t\t\t<div class=\"be-slider-content clearfix\">\n\t\t\t\t\t\t\t\t\t\t\t<div class=\"be-slider-content-inner-wrap\" style=\"width: 80%;\"><\/div>\n\t\t\t\t\t\t\t\t\t\t<\/div>\n\t\t\t\t\t\t\t\t\t<\/div>\n\t\t\t\t\t\t\t\t<\/div>\n\t\t\t\t\t\t\t<\/div><\/li><li><div class=\"be-slide-bg-holder\">\n\t\t\t\t\t\t\t\t<div class=\"be-slide-bg be-bg-cover be-bg-parallax\" data-image=\"http:\/\/keltskoselo.rs\/wp-content\/uploads\/2021\/06\/slider-keltsk-selo-3.jpg\"><i class=\"font-icon loader-style4-wrap loader-icon\"><\/i><\/div>\n\t\t\t\t\t\t\t\t<div class=\"be-wrap\">\n\t\t\t\t\t\t\t\t\t<div class=\"be-slider-content-wrap\">\n\t\t\t\t\t\t\t\t\t\t<div class=\"be-slider-content clearfix\">\n\t\t\t\t\t\t\t\t\t\t\t<div class=\"be-slider-content-inner-wrap\" style=\"width: 80%;\"><\/div>\n\t\t\t\t\t\t\t\t\t\t<\/div>\n\t\t\t\t\t\t\t\t\t<\/div>\n\t\t\t\t\t\t\t\t<\/div>\n\t\t\t\t\t\t\t<\/div><\/li><\/ul><nav class=\"component-nav\"><a class=\"prev be-slider-prev\" href=\"#\"><i class=\"font-icon icon-arrow_carrot-left\"><\/i><\/a><a class=\"next be-slider-next\" href=\"#\"><i class=\"font-icon icon-arrow_carrot-right\"><\/i><\/a><\/nav><\/div><\/div><\/div><div class = \"tatsu-column-bg-image-wrap\"><div class = \"tatsu-column-bg-image\" ><\/div><\/div><div class=\"tatsu-overlay tatsu-column-overlay tatsu-animate-none\" ><\/div><\/div><style>.tatsu-row > .tatsu-HyZUQCX1Jn.tatsu-column{width: 100%;}.tatsu-HyZUQCX1Jn.tatsu-column > .tatsu-column-inner > .tatsu-column-overlay{mix-blend-mode: normal;}.tatsu-HyZUQCX1Jn > .tatsu-column-inner > .tatsu-top-divider{z-index: 9999;}.tatsu-HyZUQCX1Jn > .tatsu-column-inner > .tatsu-bottom-divider{z-index: 9999;}.tatsu-HyZUQCX1Jn > .tatsu-column-inner > .tatsu-left-divider{z-index: 9999;}.tatsu-HyZUQCX1Jn > .tatsu-column-inner > .tatsu-right-divider{z-index: 9999;}@media only screen and (max-width:1377px) {.tatsu-row > .tatsu-HyZUQCX1Jn.tatsu-column{width: 100%;}}@media only screen and (min-width:768px) and (max-width: 1024px) {.tatsu-row > .tatsu-HyZUQCX1Jn.tatsu-column{width: 100%;}}@media only screen and (max-width: 767px) {.tatsu-row > .tatsu-HyZUQCX1Jn.tatsu-column{width: 100%;}}<\/style><\/div><\/div><\/div><\/div><div class=\"tatsu-section-background-wrap\"><div class = \"tatsu-section-background\" ><\/div><\/div><div class=\"tatsu-overlay tatsu-section-overlay\"><\/div><style>.tatsu-Hk8XCmy1h .tatsu-section-offset-wrap{transform: translateY(-0px);}.tatsu-Hk8XCmy1h > .tatsu-bottom-divider{z-index: 9999;}.tatsu-Hk8XCmy1h > .tatsu-top-divider{z-index: 9999;}.tatsu-Hk8XCmy1h .tatsu-section-overlay{mix-blend-mode: normal;}<\/style><\/div><div  class=\"tatsu-SybDk9gRRj tatsu-section  tatsu-bg-overlay   tatsu-clearfix\" data-title=\"\"  data-headerscheme=\"background--dark\"><div class='tatsu-section-pad clearfix' data-padding='{\"d\":\"40px 0px 90px 0px\"}' data-padding-top='40px'><div class=\"tatsu-row-wrap  tatsu-wrap tatsu-row-one-col tatsu-row-has-one-cols tatsu-medium-gutter tatsu-reg-cols  tatsu-clearfix tatsu-r1lv19g00s\" ><div  class=\"tatsu-row\" ><div  class=\"tatsu-column  tatsu-bg-overlay tatsu-one-col tatsu-column-image-none tatsu-column-effect-none  tatsu-rkw19eACs\"  data-parallax-speed=\"0\" style=\"\"><div class=\"tatsu-column-inner\" ><div class=\"tatsu-column-pad-wrap\"><div class=\"tatsu-column-pad\" ><div  class=\"tatsu-module tatsu-text-block-wrap tatsu-SyvE5gRRo\"><div class=\"tatsu-text-inner tatsu-align-center  clearfix\" ><style>.tatsu-SyvE5gRRo.tatsu-text-block-wrap .tatsu-text-inner{width: 100%;text-align: left;}<\/style>\n<h4>The Celts in In\u0111ija<\/h4>\n<p>On the territory of the municipality of In\u0111ija, the remains of Celtic life have been found at more than 60 sites. The most prominent are those in the area of Kr\u010dedin and Slankamen.<\/p>\n<p>There are numerous localities along the Danube in Srem: Zemun, Stari and Novi Banovci, Belegi\u0161, Slankamen, Kr\u010dedin, Karlovci, Bano\u0161tor, Susek; Eastern Slavonia: Ilok, Stari Vukovar, Vu\u010dedol, Donja Bebrina, Dalj, several localities in Osijek; along the Sava in lower Srem: Jakovo, Obre\u017e, Hrtkovci, Dobrinci, Mitrovica, Batrovci; in Serbia: Obrenovac, in Belgrade: Gornji grad, Karaburma, Rospi-\u0106uprija, Guberevac and Ada Ciganlija, Vin\u010da, Ritopek, Brestovik, Grocka, Ore\u0161ac near Smederevo, Ostrovo near Po\u017earevac, Veliko Gradi\u0161te, Usje near Golubac, Jabukovac. If we accept that the locality of \u017didovar is a Celtic settlement, it would mean that Scordisci were also on the left bank of the Danube. South of the Danube region, the largest concentration of Celtic names is along the Morava valley near Ni\u0161, in the vicinity of Pirot, Bela Palanka, Leskovac and Aleksinac.<\/p>\n<\/div><\/div><\/div><\/div><div class = \"tatsu-column-bg-image-wrap\"><div class = \"tatsu-column-bg-image\" ><\/div><\/div><div class=\"tatsu-overlay tatsu-column-overlay tatsu-animate-none\" ><\/div><\/div><style>.tatsu-row > .tatsu-rkw19eACs.tatsu-column{width: 100%;}.tatsu-rkw19eACs.tatsu-column > .tatsu-column-inner > .tatsu-column-overlay{mix-blend-mode: normal;}.tatsu-rkw19eACs > .tatsu-column-inner > .tatsu-top-divider{z-index: 9999;}.tatsu-rkw19eACs > .tatsu-column-inner > .tatsu-bottom-divider{z-index: 9999;}.tatsu-rkw19eACs > .tatsu-column-inner > .tatsu-left-divider{z-index: 9999;}.tatsu-rkw19eACs > .tatsu-column-inner > .tatsu-right-divider{z-index: 9999;}@media only screen and (max-width:1377px) {.tatsu-row > .tatsu-rkw19eACs.tatsu-column{width: 100%;}}@media only screen and (min-width:768px) and (max-width: 1024px) {.tatsu-row > .tatsu-rkw19eACs.tatsu-column{width: 100%;}}@media only screen and (max-width: 767px) {.tatsu-row > .tatsu-rkw19eACs.tatsu-column{width: 100%;}}<\/style><\/div><\/div><\/div><\/div><div class=\"tatsu-section-background-wrap\"><div class = \"tatsu-section-background\" ><\/div><\/div><div class=\"tatsu-overlay tatsu-section-overlay\"><\/div><style>.tatsu-SybDk9gRRj .tatsu-section-pad{padding: 40px 0px 90px 0px;}.tatsu-SybDk9gRRj .tatsu-section-offset-wrap{transform: translateY(-0px);}.tatsu-SybDk9gRRj > .tatsu-bottom-divider{z-index: 9999;}.tatsu-SybDk9gRRj > .tatsu-top-divider{z-index: 9999;}.tatsu-SybDk9gRRj .tatsu-section-overlay{mix-blend-mode: normal;}<\/style><\/div>","protected":false},"excerpt":{"rendered":"<p><a href=\"https:\/\/keltskoselo.rs\/en\/kelti-u-opstini-indjija\/\" class=\"more-link style1-button\">Read More<\/a><\/p>","protected":false},"author":1,"featured_media":0,"parent":0,"menu_order":0,"comment_status":"closed","ping_status":"closed","template":"","meta":{"footnotes":""},"class_list":["post-4296","page","type-page","status-publish","hentry"],"_links":{"self":[{"href":"https:\/\/keltskoselo.rs\/en\/wp-json\/wp\/v2\/pages\/4296","targetHints":{"allow":["GET"]}}],"collection":[{"href":"https:\/\/keltskoselo.rs\/en\/wp-json\/wp\/v2\/pages"}],"about":[{"href":"https:\/\/keltskoselo.rs\/en\/wp-json\/wp\/v2\/types\/page"}],"author":[{"embeddable":true,"href":"https:\/\/keltskoselo.rs\/en\/wp-json\/wp\/v2\/users\/1"}],"replies":[{"embeddable":true,"href":"https:\/\/keltskoselo.rs\/en\/wp-json\/wp\/v2\/comments?post=4296"}],"version-history":[{"count":5,"href":"https:\/\/keltskoselo.rs\/en\/wp-json\/wp\/v2\/pages\/4296\/revisions"}],"predecessor-version":[{"id":4371,"href":"https:\/\/keltskoselo.rs\/en\/wp-json\/wp\/v2\/pages\/4296\/revisions\/4371"}],"wp:attachment":[{"href":"https:\/\/keltskoselo.rs\/en\/wp-json\/wp\/v2\/media?parent=4296"}],"curies":[{"name":"wp","href":"https:\/\/api.w.org\/{rel}","templated":true}]}}