{"id":37,"date":"2021-06-10T12:36:48","date_gmt":"2021-06-10T12:36:48","guid":{"rendered":"https:\/\/keltskoselo.rs\/?page_id=37"},"modified":"2023-03-03T08:26:21","modified_gmt":"2023-03-03T08:26:21","slug":"lokacija","status":"publish","type":"page","link":"https:\/\/keltskoselo.rs\/en\/lokacija\/","title":{"rendered":"Location"},"content":{"rendered":"<div  class=\"tatsu-Bk4QyNk1h tatsu-section  tatsu-bg-overlay   tatsu-clearfix\" data-title=\"\"  data-headerscheme=\"background--dark\"><div class='tatsu-section-pad clearfix' data-padding='{\"d\":\"0px 0px 0px 0px\"}' data-padding-top='0px'><div class=\"tatsu-row-wrap  tatsu-wrap tatsu-row-one-col tatsu-row-has-one-cols tatsu-medium-gutter tatsu-reg-cols  tatsu-clearfix tatsu-rJxNQy4y1h\" ><div  class=\"tatsu-row\" ><div  class=\"tatsu-column  tatsu-bg-overlay tatsu-one-col tatsu-column-image-none tatsu-column-effect-none  tatsu-rkb4mkVyJh\"  data-parallax-speed=\"0\" style=\"\"><div class=\"tatsu-column-inner\" ><div class=\"tatsu-column-pad-wrap\"><div class=\"tatsu-column-pad\" ><div  class=\"component component-fullwidth loaded fxPressAway  tatsu-ByfEQk41Jh\"  data-height=\"360\" data-mobile-height=\"360\" data-current=\"0\" style=\"height: 360px;\"><ul class=\"itemwrap\"><li><div class=\"be-slide-bg-holder\">\n\t\t\t\t\t\t\t\t<div class=\"be-slide-bg be-bg-cover be-bg-parallax\" data-image=\"http:\/\/keltskoselo.rs\/wp-content\/uploads\/2023\/03\/Keltsko-selo-naslovna-1.png\"><i class=\"font-icon loader-style4-wrap loader-icon\"><\/i><\/div>\n\t\t\t\t\t\t\t\t<div class=\"be-wrap\">\n\t\t\t\t\t\t\t\t\t<div class=\"be-slider-content-wrap\">\n\t\t\t\t\t\t\t\t\t\t<div class=\"be-slider-content clearfix\">\n\t\t\t\t\t\t\t\t\t\t\t<div class=\"be-slider-content-inner-wrap\" style=\"width: 80%;\"><\/div>\n\t\t\t\t\t\t\t\t\t\t<\/div>\n\t\t\t\t\t\t\t\t\t<\/div>\n\t\t\t\t\t\t\t\t<\/div>\n\t\t\t\t\t\t\t<\/div><\/li><li><div class=\"be-slide-bg-holder\">\n\t\t\t\t\t\t\t\t<div class=\"be-slide-bg be-bg-cover be-bg-parallax\" data-image=\"http:\/\/keltskoselo.rs\/wp-content\/uploads\/2021\/06\/slider-keltsk-selo-1-1.jpg\"><i class=\"font-icon loader-style4-wrap loader-icon\"><\/i><\/div>\n\t\t\t\t\t\t\t\t<div class=\"be-wrap\">\n\t\t\t\t\t\t\t\t\t<div class=\"be-slider-content-wrap\">\n\t\t\t\t\t\t\t\t\t\t<div class=\"be-slider-content clearfix\">\n\t\t\t\t\t\t\t\t\t\t\t<div class=\"be-slider-content-inner-wrap\" style=\"width: 80%;\"><\/div>\n\t\t\t\t\t\t\t\t\t\t<\/div>\n\t\t\t\t\t\t\t\t\t<\/div>\n\t\t\t\t\t\t\t\t<\/div>\n\t\t\t\t\t\t\t<\/div><\/li><li><div class=\"be-slide-bg-holder\">\n\t\t\t\t\t\t\t\t<div class=\"be-slide-bg be-bg-cover be-bg-parallax\" data-image=\"http:\/\/keltskoselo.rs\/wp-content\/uploads\/2021\/06\/slider-keltsk-selo-2.jpg\"><i class=\"font-icon loader-style4-wrap loader-icon\"><\/i><\/div>\n\t\t\t\t\t\t\t\t<div class=\"be-wrap\">\n\t\t\t\t\t\t\t\t\t<div class=\"be-slider-content-wrap\">\n\t\t\t\t\t\t\t\t\t\t<div class=\"be-slider-content clearfix\">\n\t\t\t\t\t\t\t\t\t\t\t<div class=\"be-slider-content-inner-wrap\" style=\"width: 80%;\"><\/div>\n\t\t\t\t\t\t\t\t\t\t<\/div>\n\t\t\t\t\t\t\t\t\t<\/div>\n\t\t\t\t\t\t\t\t<\/div>\n\t\t\t\t\t\t\t<\/div><\/li><li><div class=\"be-slide-bg-holder\">\n\t\t\t\t\t\t\t\t<div class=\"be-slide-bg be-bg-cover be-bg-parallax\" data-image=\"http:\/\/keltskoselo.rs\/wp-content\/uploads\/2021\/06\/slider-keltsk-selo-3.jpg\"><i class=\"font-icon loader-style4-wrap loader-icon\"><\/i><\/div>\n\t\t\t\t\t\t\t\t<div class=\"be-wrap\">\n\t\t\t\t\t\t\t\t\t<div class=\"be-slider-content-wrap\">\n\t\t\t\t\t\t\t\t\t\t<div class=\"be-slider-content clearfix\">\n\t\t\t\t\t\t\t\t\t\t\t<div class=\"be-slider-content-inner-wrap\" style=\"width: 80%;\"><\/div>\n\t\t\t\t\t\t\t\t\t\t<\/div>\n\t\t\t\t\t\t\t\t\t<\/div>\n\t\t\t\t\t\t\t\t<\/div>\n\t\t\t\t\t\t\t<\/div><\/li><\/ul><nav class=\"component-nav\"><a class=\"prev be-slider-prev\" href=\"#\"><i class=\"font-icon icon-arrow_carrot-left\"><\/i><\/a><a class=\"next be-slider-next\" href=\"#\"><i class=\"font-icon icon-arrow_carrot-right\"><\/i><\/a><\/nav><\/div><\/div><\/div><div class = \"tatsu-column-bg-image-wrap\"><div class = \"tatsu-column-bg-image\" ><\/div><\/div><div class=\"tatsu-overlay tatsu-column-overlay tatsu-animate-none\" ><\/div><\/div><style>.tatsu-row > .tatsu-rkb4mkVyJh.tatsu-column{width: 100%;}.tatsu-rkb4mkVyJh.tatsu-column > .tatsu-column-inner > .tatsu-column-overlay{mix-blend-mode: normal;}.tatsu-rkb4mkVyJh > .tatsu-column-inner > .tatsu-top-divider{z-index: 9999;}.tatsu-rkb4mkVyJh > .tatsu-column-inner > .tatsu-bottom-divider{z-index: 9999;}.tatsu-rkb4mkVyJh > .tatsu-column-inner > .tatsu-left-divider{z-index: 9999;}.tatsu-rkb4mkVyJh > .tatsu-column-inner > .tatsu-right-divider{z-index: 9999;}@media only screen and (max-width:1377px) {.tatsu-row > .tatsu-rkb4mkVyJh.tatsu-column{width: 100%;}}@media only screen and (min-width:768px) and (max-width: 1024px) {.tatsu-row > .tatsu-rkb4mkVyJh.tatsu-column{width: 100%;}}@media only screen and (max-width: 767px) {.tatsu-row > .tatsu-rkb4mkVyJh.tatsu-column{width: 100%;}}<\/style><\/div><\/div><\/div><\/div><div class=\"tatsu-section-background-wrap\"><div class = \"tatsu-section-background\" ><\/div><\/div><div class=\"tatsu-overlay tatsu-section-overlay\"><\/div><style>.tatsu-Bk4QyNk1h .tatsu-section-offset-wrap{transform: translateY(-0px);}.tatsu-Bk4QyNk1h > .tatsu-bottom-divider{z-index: 9999;}.tatsu-Bk4QyNk1h > .tatsu-top-divider{z-index: 9999;}.tatsu-Bk4QyNk1h .tatsu-section-overlay{mix-blend-mode: normal;}<\/style><\/div><div  class=\"tatsu-Mj2IM8apkL tatsu-section  tatsu-bg-overlay   tatsu-clearfix\" data-title=\"\"  data-headerscheme=\"background--dark\"><div class='tatsu-section-pad clearfix' data-padding='{\"d\":\"19px 0px 90px 0px\"}' data-padding-top='19px'><div class=\"tatsu-row-wrap  tatsu-wrap tatsu-row-one-col tatsu-row-has-one-cols tatsu-medium-gutter tatsu-reg-cols  tatsu-clearfix tatsu-Ve19sL6jj0\" ><div  class=\"tatsu-row\" ><div  class=\"tatsu-column  tatsu-bg-overlay tatsu-one-col tatsu-column-image-none tatsu-column-effect-none  tatsu-uAYkTGDV1\"  data-parallax-speed=\"0\" style=\"\"><div class=\"tatsu-column-inner\" ><div class=\"tatsu-column-pad-wrap\"><div class=\"tatsu-column-pad\" ><div  class=\"tatsu-module tatsu-text-block-wrap tatsu-QPs7mmQSN\"><div class=\"tatsu-text-inner tatsu-align-center  clearfix\" ><style>.tatsu-QPs7mmQSN.tatsu-text-block-wrap .tatsu-text-inner{width: 100%;text-align: left;}.tatsu-QPs7mmQSN.tatsu-text-block-wrap{margin: 0px 0px 10px 0px;}<\/style>\n<h4>Location<\/h4>\n<\/div><\/div><div  class=\"tatsu-module tatsu-text-block-wrap tatsu-SJ7BXSnn_\"><div class=\"tatsu-text-inner tatsu-align-center  clearfix\" ><style>.tatsu-SJ7BXSnn_.tatsu-text-block-wrap .tatsu-text-inner{width: 100%;text-align: left;}.tatsu-SJ7BXSnn_.tatsu-text-block-wrap{margin: 0px 0px 0px 0px;}<\/style>\n<p>Serbia \u2013 Vojvodina \u2013 Srem \u2013 In\u0111ija<\/p>\n<\/div><\/div><div  class=\"tatsu-module tatsu-text-block-wrap tatsu-HkIFQr33u\"><div class=\"tatsu-text-inner tatsu-align-center  clearfix\" ><style>.tatsu-HkIFQr33u.tatsu-text-block-wrap .tatsu-text-inner{width: 100%;text-align: left;}.tatsu-HkIFQr33u.tatsu-text-block-wrap{margin: 13px 0px 20px 0px;}<\/style>\n<p>The Celtic Village is located in In\u0111ija, at the entrance to the city from the direction of Novi Sad, in the street Milorada Stoji\u0107a Gor\u010dila bb.<\/p>\n<p>It is located in the sports and recreational zone of the city, nearby the city\u2019s swimming pool, the pond named \"Barica\", the monument to Milunka Savi\u0107, the zoo park \"Koki\" and sports ground.<\/p>\n<p>GPS coordinates: 45\u00b003\u201914.8\u2033N and 20\u00b003\u201951.6\u2033E<\/p>\n<\/div><\/div><div  class=\"tatsu-empty-space  tatsu-HJz4rB22d\" ><style>.tatsu-HJz4rB22d.tatsu-empty-space{height: 30px;}<\/style><\/div><div id = \"\" class=\"tatsu-code tatsu-module tatsu-r1-JSS3nO\"  ><iframe src=\"https:\/\/www.google.com\/maps\/embed?pb=!1m18!1m12!1m3!1d2818.56178580492!2d20.062785666842213!3d45.05411376922519!2m3!1f0!2f0!3f0!3m2!1i1024!2i768!4f13.1!3m3!1m2!1s0x0%3A0x0!2zNDXCsDAzJzE0LjgiTiAyMMKwMDMnNTEuNiJF!5e0!3m2!1ssr!2srs!4v1625212156901!5m2!1ssr!2srs\" width=\"100%\" height=\"450\" style=\"border:0;\" allowfullscreen=\"\" loading=\"lazy\"><\/iframe><\/div><\/div><\/div><div class = \"tatsu-column-bg-image-wrap\"><div class = \"tatsu-column-bg-image\" ><\/div><\/div><div class=\"tatsu-overlay tatsu-column-overlay tatsu-animate-none\" ><\/div><\/div><style>.tatsu-row > .tatsu-uAYkTGDV1.tatsu-column{width: 100%;}.tatsu-uAYkTGDV1.tatsu-column > .tatsu-column-inner > .tatsu-column-overlay{mix-blend-mode: normal;}.tatsu-uAYkTGDV1 > .tatsu-column-inner > .tatsu-top-divider{z-index: 9999;}.tatsu-uAYkTGDV1 > .tatsu-column-inner > .tatsu-bottom-divider{z-index: 9999;}.tatsu-uAYkTGDV1 > .tatsu-column-inner > .tatsu-left-divider{z-index: 9999;}.tatsu-uAYkTGDV1 > .tatsu-column-inner > .tatsu-right-divider{z-index: 9999;}@media only screen and (max-width:1377px) {.tatsu-row > .tatsu-uAYkTGDV1.tatsu-column{width: 100%;}}@media only screen and (min-width:768px) and (max-width: 1024px) {.tatsu-row > .tatsu-uAYkTGDV1.tatsu-column{width: 100%;}}@media only screen and (max-width: 767px) {.tatsu-row > .tatsu-uAYkTGDV1.tatsu-column{width: 100%;}}<\/style><\/div><\/div><\/div><\/div><div class=\"tatsu-section-background-wrap\"><div class = \"tatsu-section-background\" ><\/div><\/div><div class=\"tatsu-overlay tatsu-section-overlay\"><\/div><style>.tatsu-Mj2IM8apkL .tatsu-section-pad{padding: 19px 0px 90px 0px;}.tatsu-Mj2IM8apkL .tatsu-section-offset-wrap{transform: translateY(-0px);}.tatsu-Mj2IM8apkL > .tatsu-bottom-divider{z-index: 9999;}.tatsu-Mj2IM8apkL > .tatsu-top-divider{z-index: 9999;}.tatsu-Mj2IM8apkL .tatsu-section-overlay{mix-blend-mode: normal;}<\/style><\/div>","protected":false},"excerpt":{"rendered":"<p><a href=\"https:\/\/keltskoselo.rs\/en\/lokacija\/\" class=\"more-link style1-button\">Read More<\/a><\/p>","protected":false},"author":1,"featured_media":0,"parent":0,"menu_order":0,"comment_status":"closed","ping_status":"closed","template":"","meta":{"footnotes":""},"class_list":["post-37","page","type-page","status-publish","hentry"],"_links":{"self":[{"href":"https:\/\/keltskoselo.rs\/en\/wp-json\/wp\/v2\/pages\/37","targetHints":{"allow":["GET"]}}],"collection":[{"href":"https:\/\/keltskoselo.rs\/en\/wp-json\/wp\/v2\/pages"}],"about":[{"href":"https:\/\/keltskoselo.rs\/en\/wp-json\/wp\/v2\/types\/page"}],"author":[{"embeddable":true,"href":"https:\/\/keltskoselo.rs\/en\/wp-json\/wp\/v2\/users\/1"}],"replies":[{"embeddable":true,"href":"https:\/\/keltskoselo.rs\/en\/wp-json\/wp\/v2\/comments?post=37"}],"version-history":[{"count":13,"href":"https:\/\/keltskoselo.rs\/en\/wp-json\/wp\/v2\/pages\/37\/revisions"}],"predecessor-version":[{"id":4378,"href":"https:\/\/keltskoselo.rs\/en\/wp-json\/wp\/v2\/pages\/37\/revisions\/4378"}],"wp:attachment":[{"href":"https:\/\/keltskoselo.rs\/en\/wp-json\/wp\/v2\/media?parent=37"}],"curies":[{"name":"wp","href":"https:\/\/api.w.org\/{rel}","templated":true}]}}