{"id":17,"date":"2021-06-10T12:31:00","date_gmt":"2021-06-10T12:31:00","guid":{"rendered":"https:\/\/keltskoselo.rs\/?page_id=17"},"modified":"2023-03-03T08:35:53","modified_gmt":"2023-03-03T08:35:53","slug":"o-nama","status":"publish","type":"page","link":"https:\/\/keltskoselo.rs\/en\/o-nama\/","title":{"rendered":"About us"},"content":{"rendered":"<div  class=\"tatsu-By68bNykh tatsu-section  tatsu-bg-overlay   tatsu-clearfix\" data-title=\"\"  data-headerscheme=\"background--dark\"><div class='tatsu-section-pad clearfix' data-padding='{\"d\":\"0px 0px 0px 0px\"}' data-padding-top='0px'><div class=\"tatsu-row-wrap  tatsu-wrap tatsu-row-one-col tatsu-row-has-one-cols tatsu-medium-gutter tatsu-reg-cols  tatsu-clearfix tatsu-HygTL-Eky3\" ><div  class=\"tatsu-row\" ><div  class=\"tatsu-column  tatsu-bg-overlay tatsu-one-col tatsu-column-image-none tatsu-column-effect-none  tatsu-SJ-TU-NkJ2\"  data-parallax-speed=\"0\" style=\"\"><div class=\"tatsu-column-inner\" ><div class=\"tatsu-column-pad-wrap\"><div class=\"tatsu-column-pad\" ><div  class=\"component component-fullwidth loaded fxPressAway  tatsu-BJG6IZNk1h\"  data-height=\"360\" data-mobile-height=\"360\" data-current=\"0\" style=\"height: 360px;\"><ul class=\"itemwrap\"><li><div class=\"be-slide-bg-holder\">\n\t\t\t\t\t\t\t\t<div class=\"be-slide-bg be-bg-cover be-bg-parallax\" data-image=\"http:\/\/keltskoselo.rs\/wp-content\/uploads\/2023\/03\/Keltsko-selo-naslovna-1.png\"><i class=\"font-icon loader-style4-wrap loader-icon\"><\/i><\/div>\n\t\t\t\t\t\t\t\t<div class=\"be-wrap\">\n\t\t\t\t\t\t\t\t\t<div class=\"be-slider-content-wrap\">\n\t\t\t\t\t\t\t\t\t\t<div class=\"be-slider-content clearfix\">\n\t\t\t\t\t\t\t\t\t\t\t<div class=\"be-slider-content-inner-wrap\" style=\"width: 80%;\"><\/div>\n\t\t\t\t\t\t\t\t\t\t<\/div>\n\t\t\t\t\t\t\t\t\t<\/div>\n\t\t\t\t\t\t\t\t<\/div>\n\t\t\t\t\t\t\t<\/div><\/li><li><div class=\"be-slide-bg-holder\">\n\t\t\t\t\t\t\t\t<div class=\"be-slide-bg be-bg-cover be-bg-parallax\" data-image=\"http:\/\/keltskoselo.rs\/wp-content\/uploads\/2021\/06\/slider-keltsk-selo-1-1.jpg\"><i class=\"font-icon loader-style4-wrap loader-icon\"><\/i><\/div>\n\t\t\t\t\t\t\t\t<div class=\"be-wrap\">\n\t\t\t\t\t\t\t\t\t<div class=\"be-slider-content-wrap\">\n\t\t\t\t\t\t\t\t\t\t<div class=\"be-slider-content clearfix\">\n\t\t\t\t\t\t\t\t\t\t\t<div class=\"be-slider-content-inner-wrap\" style=\"width: 80%;\"><\/div>\n\t\t\t\t\t\t\t\t\t\t<\/div>\n\t\t\t\t\t\t\t\t\t<\/div>\n\t\t\t\t\t\t\t\t<\/div>\n\t\t\t\t\t\t\t<\/div><\/li><li><div class=\"be-slide-bg-holder\">\n\t\t\t\t\t\t\t\t<div class=\"be-slide-bg be-bg-cover be-bg-parallax\" data-image=\"http:\/\/keltskoselo.rs\/wp-content\/uploads\/2021\/06\/slider-keltsk-selo-2.jpg\"><i class=\"font-icon loader-style4-wrap loader-icon\"><\/i><\/div>\n\t\t\t\t\t\t\t\t<div class=\"be-wrap\">\n\t\t\t\t\t\t\t\t\t<div class=\"be-slider-content-wrap\">\n\t\t\t\t\t\t\t\t\t\t<div class=\"be-slider-content clearfix\">\n\t\t\t\t\t\t\t\t\t\t\t<div class=\"be-slider-content-inner-wrap\" style=\"width: 80%;\"><\/div>\n\t\t\t\t\t\t\t\t\t\t<\/div>\n\t\t\t\t\t\t\t\t\t<\/div>\n\t\t\t\t\t\t\t\t<\/div>\n\t\t\t\t\t\t\t<\/div><\/li><li><div class=\"be-slide-bg-holder\">\n\t\t\t\t\t\t\t\t<div class=\"be-slide-bg be-bg-cover be-bg-parallax\" data-image=\"http:\/\/keltskoselo.rs\/wp-content\/uploads\/2021\/06\/slider-keltsk-selo-3.jpg\"><i class=\"font-icon loader-style4-wrap loader-icon\"><\/i><\/div>\n\t\t\t\t\t\t\t\t<div class=\"be-wrap\">\n\t\t\t\t\t\t\t\t\t<div class=\"be-slider-content-wrap\">\n\t\t\t\t\t\t\t\t\t\t<div class=\"be-slider-content clearfix\">\n\t\t\t\t\t\t\t\t\t\t\t<div class=\"be-slider-content-inner-wrap\" style=\"width: 80%;\"><\/div>\n\t\t\t\t\t\t\t\t\t\t<\/div>\n\t\t\t\t\t\t\t\t\t<\/div>\n\t\t\t\t\t\t\t\t<\/div>\n\t\t\t\t\t\t\t<\/div><\/li><\/ul><nav class=\"component-nav\"><a class=\"prev be-slider-prev\" href=\"#\"><i class=\"font-icon icon-arrow_carrot-left\"><\/i><\/a><a class=\"next be-slider-next\" href=\"#\"><i class=\"font-icon icon-arrow_carrot-right\"><\/i><\/a><\/nav><\/div><\/div><\/div><div class = \"tatsu-column-bg-image-wrap\"><div class = \"tatsu-column-bg-image\" ><\/div><\/div><div class=\"tatsu-overlay tatsu-column-overlay tatsu-animate-none\" ><\/div><\/div><style>.tatsu-row > .tatsu-SJ-TU-NkJ2.tatsu-column{width: 100%;}.tatsu-SJ-TU-NkJ2.tatsu-column > .tatsu-column-inner > .tatsu-column-overlay{mix-blend-mode: normal;}.tatsu-SJ-TU-NkJ2 > .tatsu-column-inner > .tatsu-top-divider{z-index: 9999;}.tatsu-SJ-TU-NkJ2 > .tatsu-column-inner > .tatsu-bottom-divider{z-index: 9999;}.tatsu-SJ-TU-NkJ2 > .tatsu-column-inner > .tatsu-left-divider{z-index: 9999;}.tatsu-SJ-TU-NkJ2 > .tatsu-column-inner > .tatsu-right-divider{z-index: 9999;}@media only screen and (max-width:1377px) {.tatsu-row > .tatsu-SJ-TU-NkJ2.tatsu-column{width: 100%;}}@media only screen and (min-width:768px) and (max-width: 1024px) {.tatsu-row > .tatsu-SJ-TU-NkJ2.tatsu-column{width: 100%;}}@media only screen and (max-width: 767px) {.tatsu-row > .tatsu-SJ-TU-NkJ2.tatsu-column{width: 100%;}}<\/style><\/div><\/div><\/div><\/div><div class=\"tatsu-section-background-wrap\"><div class = \"tatsu-section-background\" ><\/div><\/div><div class=\"tatsu-overlay tatsu-section-overlay\"><\/div><style>.tatsu-By68bNykh .tatsu-section-offset-wrap{transform: translateY(-0px);}.tatsu-By68bNykh > .tatsu-bottom-divider{z-index: 9999;}.tatsu-By68bNykh > .tatsu-top-divider{z-index: 9999;}.tatsu-By68bNykh .tatsu-section-overlay{mix-blend-mode: normal;}<\/style><\/div><div  class=\"tatsu-EA2CHa05R tatsu-section    tatsu-clearfix\" data-title=\"\"  data-headerscheme=\"background--dark\"><div class='tatsu-section-pad clearfix' data-padding='{\"d\":\"40px 0px 0px 0px\"}' data-padding-top='40px'><div class=\"tatsu-row-wrap  tatsu-wrap tatsu-row-has-one-half tatsu-row-has-two-cols tatsu-medium-gutter tatsu-reg-cols  tatsu-clearfix tatsu-Xq6Ls18F5M\" ><div  class=\"tatsu-row\" ><div  class=\"tatsu-column  tatsu-column-no-bg tatsu-one-half tatsu-column-align-middle tatsu-column-image-none tatsu-column-effect-none  tatsu-pQIF1O_AXp\"  data-parallax-speed=\"0\" style=\"\"><div class=\"tatsu-column-inner\" ><div class=\"tatsu-column-pad-wrap\"><div class=\"tatsu-column-pad\" ><div  class=\"tatsu-module tatsu-inline-text clearfix tatsu-2gxOw7ybHB\" ><style>.tatsu-2gxOw7ybHB .tatsu-inline-text-inner{width: 100%;text-align: left;}<\/style><div class=\"tatsu-inline-text-inner tatsu-align-center\">\n<h4>About us\u00a0<\/h4>\n<p class=\"MsoNormal\" style=\"margin-bottom: .0001pt; text-align: justify; line-height: normal;\">The Celtic Village is a thematic tourist complex located in the sports and recreation zone of In\u0111ija, at the entrance to the city from the direction of Novi Sad. Inspired by the life of the Celts in this area 2300 years ago, the complex is fun and educational in nature and is primarily intended for children. Inside the complex surrounded by a high wooden fence, there are several types of Celtic dwellings, covered with reeds and made of wood and mud, representing authentic Celtic households and artisan workshops. The mini museum with interesting exhibits is housed in one of the Celtic houses. The exhibits are based on material remains of the Celtic tribe Skordisci in the Srem area.<\/p>\n<p class=\"MsoNormal\" style=\"margin-bottom: .0001pt; text-align: justify; line-height: normal;\">\u00a0<\/p>\n<p class=\"MsoNormal\" style=\"margin-bottom: .0001pt; text-align: justify; line-height: normal;\">Visitors to the Celtic Village are welcomed by costumed staff and expert guides who contribute to the overall experience with their stories. Visitors to the Celtic village can also actively participate in numerous workshops and enjoy a variety of outdoor activities.<\/p>\n<p>\u00a0<\/p>\n<\/div><\/div><\/div><\/div><div class = \"tatsu-column-bg-image-wrap\"><div class = \"tatsu-column-bg-image\" ><\/div><\/div><\/div><style>.tatsu-row > .tatsu-pQIF1O_AXp.tatsu-column{width: 50%;}.tatsu-pQIF1O_AXp.tatsu-column > .tatsu-column-inner > .tatsu-column-overlay{mix-blend-mode: none;}.tatsu-pQIF1O_AXp > .tatsu-column-inner > .tatsu-top-divider{z-index: 9999;}.tatsu-pQIF1O_AXp > .tatsu-column-inner > .tatsu-bottom-divider{z-index: 9999;}.tatsu-pQIF1O_AXp > .tatsu-column-inner > .tatsu-left-divider{z-index: 9999;}.tatsu-pQIF1O_AXp > .tatsu-column-inner > .tatsu-right-divider{z-index: 9999;}@media only screen and (max-width: 767px) {.tatsu-row > .tatsu-pQIF1O_AXp.tatsu-column{width: 100%;}}<\/style><\/div><div  class=\"tatsu-column  tatsu-column-no-bg tatsu-one-half tatsu-column-align-middle tatsu-column-image-none tatsu-column-effect-none  tatsu-sp-0pB-1Ln\"  data-parallax-speed=\"0\" style=\"\"><div class=\"tatsu-column-inner\" ><div class=\"tatsu-column-pad-wrap\"><div class=\"tatsu-column-pad\" ><div  class=\"tatsu-single-image tatsu-module tatsu-external-image tatsu-QIY6F5DH-2\" ><div class=\"tatsu-single-image-inner\" style=\"\" ><div class = \"tatsu-single-image-padding-wrap\" style = \"\" ><\/div><img class = \"tatsu-gradient-border\" src = \"https:\/\/keltskoselo.rs\/wp-content\/uploads\/2021\/06\/BEX_0178.jpg\" alt =\" \"  \/><\/div><style>.tatsu-QIY6F5DH-2{margin: 0px 0px 0px 0px;}.tatsu-QIY6F5DH-2 .tatsu-single-image-inner{border-style: solid;max-width: 100%;}.tatsu-QIY6F5DH-2.tatsu-single-image{transform: translate3d(0px,0px, 0);}<\/style><\/div><\/div><\/div><div class = \"tatsu-column-bg-image-wrap\"><div class = \"tatsu-column-bg-image\" ><\/div><\/div><\/div><style>.tatsu-row > .tatsu-sp-0pB-1Ln.tatsu-column{width: 50%;}.tatsu-sp-0pB-1Ln.tatsu-column > .tatsu-column-inner > .tatsu-column-overlay{mix-blend-mode: none;}.tatsu-sp-0pB-1Ln > .tatsu-column-inner > .tatsu-top-divider{z-index: 9999;}.tatsu-sp-0pB-1Ln > .tatsu-column-inner > .tatsu-bottom-divider{z-index: 9999;}.tatsu-sp-0pB-1Ln > .tatsu-column-inner > .tatsu-left-divider{z-index: 9999;}.tatsu-sp-0pB-1Ln > .tatsu-column-inner > .tatsu-right-divider{z-index: 9999;}@media only screen and (max-width: 767px) {.tatsu-row > .tatsu-sp-0pB-1Ln.tatsu-column{width: 100%;}}<\/style><\/div><\/div><\/div><\/div><div class=\"tatsu-section-background-wrap\"><div class = \"tatsu-section-background\" ><\/div><\/div><style>.tatsu-EA2CHa05R.tatsu-section{background-color: rgba(255,255,255,1);}.tatsu-EA2CHa05R .tatsu-section-pad{padding: 40px 0px 0px 0px;}.tatsu-EA2CHa05R > .tatsu-bottom-divider{z-index: 9999;}.tatsu-EA2CHa05R > .tatsu-top-divider{z-index: 9999;}<\/style><\/div><div  class=\"tatsu-SkoTCMBut tatsu-section    tatsu-clearfix\" data-title=\"\"  data-headerscheme=\"background--dark\"><div class='tatsu-section-pad clearfix' data-padding='{\"d\":\"90px 0px 90px 0px\"}' data-padding-top='90px'><div class=\"tatsu-row-wrap  tatsu-wrap tatsu-row-has-one-half tatsu-row-has-two-cols tatsu-medium-gutter tatsu-reg-cols  tatsu-clearfix tatsu-HJeop0zBuF\" ><div  class=\"tatsu-row\" ><div  class=\"tatsu-column  tatsu-column-no-bg tatsu-one-half tatsu-column-align-middle tatsu-column-image-none tatsu-column-effect-none  tatsu-ByZiT0fH_F\"  data-parallax-speed=\"0\" style=\"\"><div class=\"tatsu-column-inner\" ><div class=\"tatsu-column-pad-wrap\"><div class=\"tatsu-column-pad\" ><div  class=\"tatsu-module tatsu-text-block-wrap tatsu-r1ouyXr_t\"><div class=\"tatsu-text-inner tatsu-align-center  clearfix\" ><style>.tatsu-r1ouyXr_t.tatsu-text-block-wrap .tatsu-text-inner{width: 100%;text-align: left;}<\/style>\n<p>The idea of building a tourist complex in In\u0111ija based on the Celtic theme was conceived in 2012, when an architectural concept was drafted. Archaeologists Dr Miodrag Sladi\u0107 and Dr Stevan \u0110uri\u010di\u0107 were involved in the development of the Main Project as consultants to the architects. They gave expert guidelines regarding the authentic appearance of the buildings, the construction method, the materials that were used, as well as the purposes of certain types of buildings. Historians Sanja Jugovi\u0107 and Aleksandar Stevanovi\u0107 then elaborated on the themes of Celtic life in these areas, with an emphasis on details related to their clothing, jewellery, tools, weapons, money etc. The reports with the collected data served as the basis for designing the interior furnishings and amenities of the Celtic village.<br \/>After several phases of construction in the past years, with a large part completed in 2021, the works on the construction and furnishing of the Celtic Village were completed in June and the complex was officially opened on 1 July 2021. The project was implemented by the Tourist Organisation of the Municipality of In\u0111ija, mostly with the financial resources of the Municipality of In\u0111ija, with subsidies from the Ministry of Trade, Tourism and Telecommunications and the Provincial Secretariat for Culture. \n\n<br \/><br \/>\n\n<a href=\"https:\/\/keltskoselo.rs\/wp-content\/uploads\/2023\/01\/KeltendorfFlyer.pdf\">Flyer in German<\/a><\/p>\n<\/div><\/div><\/div><\/div><div class = \"tatsu-column-bg-image-wrap\"><div class = \"tatsu-column-bg-image\" ><\/div><\/div><\/div><style>.tatsu-row > .tatsu-ByZiT0fH_F.tatsu-column{width: 90%;}.tatsu-ByZiT0fH_F.tatsu-column > .tatsu-column-inner > .tatsu-column-overlay{mix-blend-mode: none;}.tatsu-ByZiT0fH_F > .tatsu-column-inner > .tatsu-top-divider{z-index: 9999;}.tatsu-ByZiT0fH_F > .tatsu-column-inner > .tatsu-bottom-divider{z-index: 9999;}.tatsu-ByZiT0fH_F > .tatsu-column-inner > .tatsu-left-divider{z-index: 9999;}.tatsu-ByZiT0fH_F > .tatsu-column-inner > .tatsu-right-divider{z-index: 9999;}@media only screen and (max-width: 767px) {.tatsu-row > .tatsu-ByZiT0fH_F.tatsu-column{width: 100%;}}<\/style><\/div><div  class=\"tatsu-column  tatsu-column-no-bg tatsu-column-empty tatsu-one-half tatsu-column-align-middle tatsu-column-image-none tatsu-column-effect-none  tatsu-HymsaRMrdF\"  data-parallax-speed=\"0\" style=\"\"><div class=\"tatsu-column-inner\" ><div class=\"tatsu-column-pad-wrap\"><div class=\"tatsu-column-pad\" ><\/div><\/div><div class = \"tatsu-column-bg-image-wrap\"><div class = \"tatsu-column-bg-image\" ><\/div><\/div><\/div><style>.tatsu-row > .tatsu-HymsaRMrdF.tatsu-column{width: 10%;}.tatsu-HymsaRMrdF.tatsu-column > .tatsu-column-inner > .tatsu-column-overlay{mix-blend-mode: none;}.tatsu-HymsaRMrdF > .tatsu-column-inner > .tatsu-top-divider{z-index: 9999;}.tatsu-HymsaRMrdF > .tatsu-column-inner > .tatsu-bottom-divider{z-index: 9999;}.tatsu-HymsaRMrdF > .tatsu-column-inner > .tatsu-left-divider{z-index: 9999;}.tatsu-HymsaRMrdF > .tatsu-column-inner > .tatsu-right-divider{z-index: 9999;}@media only screen and (max-width: 767px) {.tatsu-row > .tatsu-HymsaRMrdF.tatsu-column{width: 100%;}}<\/style><\/div><\/div><\/div><\/div><div class=\"tatsu-section-background-wrap\"><div class = \"tatsu-section-background\" ><\/div><\/div><style>.tatsu-SkoTCMBut.tatsu-section{background-color: rgba(255,255,255,1);}.tatsu-SkoTCMBut .tatsu-section-pad{padding: 90px 0px 90px 0px;}.tatsu-SkoTCMBut > .tatsu-bottom-divider{z-index: 9999;}.tatsu-SkoTCMBut > .tatsu-top-divider{z-index: 9999;}<\/style><\/div><div  class=\"tatsu-B1LIZeyc3O tatsu-section  tatsu-bg-overlay   tatsu-clearfix\" data-title=\"\"  data-headerscheme=\"background--dark\"><div class='tatsu-section-pad clearfix' data-padding='{\"d\":\"0px 0px 30px 0px\"}' data-padding-top='0px'><div class=\"tatsu-row-wrap  tatsu-wrap tatsu-row-one-col tatsu-row-has-one-cols tatsu-medium-gutter tatsu-reg-cols  tatsu-clearfix tatsu-H1D8Zlkc3u\" ><div  class=\"tatsu-row\" ><div  class=\"tatsu-column  tatsu-bg-overlay tatsu-one-col tatsu-column-image-none tatsu-column-effect-none  tatsu-rk_U-x1q3_\"  data-parallax-speed=\"0\" style=\"\"><div class=\"tatsu-column-inner\" ><div class=\"tatsu-column-pad-wrap\"><div class=\"tatsu-column-pad\" ><div  class=\"tatsu-module tatsu-divider-wrap  tatsu-ryt8-g15hd\"  ><style>.tatsu-ryt8-g15hd .tatsu-divider{height: 1px;width: 100%;background: #efefef;}.tatsu-ryt8-g15hd.tatsu-divider-wrap{text-align: left;}<\/style><hr class=\"tatsu-divider\"\/><\/div><\/div><\/div><div class = \"tatsu-column-bg-image-wrap\"><div class = \"tatsu-column-bg-image\" ><\/div><\/div><div class=\"tatsu-overlay tatsu-column-overlay tatsu-animate-none\" ><\/div><\/div><style>.tatsu-row > .tatsu-rk_U-x1q3_.tatsu-column{width: 100%;}.tatsu-rk_U-x1q3_.tatsu-column > .tatsu-column-inner > .tatsu-column-overlay{mix-blend-mode: normal;}.tatsu-rk_U-x1q3_ > .tatsu-column-inner > .tatsu-top-divider{z-index: 9999;}.tatsu-rk_U-x1q3_ > .tatsu-column-inner > .tatsu-bottom-divider{z-index: 9999;}.tatsu-rk_U-x1q3_ > .tatsu-column-inner > .tatsu-left-divider{z-index: 9999;}.tatsu-rk_U-x1q3_ > .tatsu-column-inner > .tatsu-right-divider{z-index: 9999;}@media only screen and (max-width:1377px) {.tatsu-row > .tatsu-rk_U-x1q3_.tatsu-column{width: 100%;}}@media only screen and (min-width:768px) and (max-width: 1024px) {.tatsu-row > .tatsu-rk_U-x1q3_.tatsu-column{width: 100%;}}@media only screen and (max-width: 767px) {.tatsu-row > .tatsu-rk_U-x1q3_.tatsu-column{width: 100%;}}<\/style><\/div><\/div><\/div><\/div><div class=\"tatsu-section-background-wrap\"><div class = \"tatsu-section-background\" ><\/div><\/div><div class=\"tatsu-overlay tatsu-section-overlay\"><\/div><style>.tatsu-B1LIZeyc3O .tatsu-section-pad{padding: 0px 0px 30px 0px;}.tatsu-B1LIZeyc3O .tatsu-section-offset-wrap{transform: translateY(-0px);}.tatsu-B1LIZeyc3O > .tatsu-bottom-divider{z-index: 9999;}.tatsu-B1LIZeyc3O > .tatsu-top-divider{z-index: 9999;}.tatsu-B1LIZeyc3O .tatsu-section-overlay{mix-blend-mode: normal;}<\/style><\/div>","protected":false},"excerpt":{"rendered":"<p><a href=\"https:\/\/keltskoselo.rs\/en\/o-nama\/\" class=\"more-link style1-button\">Read More<\/a><\/p>","protected":false},"author":1,"featured_media":0,"parent":0,"menu_order":0,"comment_status":"closed","ping_status":"closed","template":"","meta":{"footnotes":""},"class_list":["post-17","page","type-page","status-publish","hentry"],"_links":{"self":[{"href":"https:\/\/keltskoselo.rs\/en\/wp-json\/wp\/v2\/pages\/17","targetHints":{"allow":["GET"]}}],"collection":[{"href":"https:\/\/keltskoselo.rs\/en\/wp-json\/wp\/v2\/pages"}],"about":[{"href":"https:\/\/keltskoselo.rs\/en\/wp-json\/wp\/v2\/types\/page"}],"author":[{"embeddable":true,"href":"https:\/\/keltskoselo.rs\/en\/wp-json\/wp\/v2\/users\/1"}],"replies":[{"embeddable":true,"href":"https:\/\/keltskoselo.rs\/en\/wp-json\/wp\/v2\/comments?post=17"}],"version-history":[{"count":18,"href":"https:\/\/keltskoselo.rs\/en\/wp-json\/wp\/v2\/pages\/17\/revisions"}],"predecessor-version":[{"id":4384,"href":"https:\/\/keltskoselo.rs\/en\/wp-json\/wp\/v2\/pages\/17\/revisions\/4384"}],"wp:attachment":[{"href":"https:\/\/keltskoselo.rs\/en\/wp-json\/wp\/v2\/media?parent=17"}],"curies":[{"name":"wp","href":"https:\/\/api.w.org\/{rel}","templated":true}]}}